{"id":2,"date":"2009-06-01T13:56:57","date_gmt":"2009-06-01T11:56:57","guid":{"rendered":"http:\/\/netbooki.pl\/?page_id=2"},"modified":"2017-04-24T14:24:27","modified_gmt":"2017-04-24T12:24:27","slug":"info","status":"publish","type":"page","link":"http:\/\/netbooki.pl\/?page_id=2","title":{"rendered":"Informacje"},"content":{"rendered":"<p>Witamy serdecznie na naszej nowej witrynie,\u00a0 kt\u00f3ra zostanie po\u015bwi\u0119cona w ca\u0142o\u015bci netbookom, czyli mniejszym i ta\u0144szym notebookom, kt\u00f3re zosta\u0142y stworzone g\u0142\u00f3wnie dla biznesmen\u00f3w i ludzi, kt\u00f3rzy ceni\u0105 sobie styl i elegancj\u0119.<\/p>\n","protected":false},"excerpt":{"rendered":"<p>Witamy serdecznie na naszej nowej witrynie,\u00a0 kt\u00f3ra zostanie po\u015bwi\u0119cona w ca\u0142o\u015bci netbookom, czyli mniejszym i ta\u0144szym notebookom, kt\u00f3re zosta\u0142y stworzone g\u0142\u00f3wnie dla biznesmen\u00f3w i ludzi, kt\u00f3rzy ceni\u0105 sobie styl i elegancj\u0119.<\/p>\n","protected":false},"author":1,"featured_media":0,"parent":0,"menu_order":0,"comment_status":"closed","ping_status":"closed","template":"","meta":{"footnotes":""},"_links":{"self":[{"href":"http:\/\/netbooki.pl\/index.php?rest_route=\/wp\/v2\/pages\/2"}],"collection":[{"href":"http:\/\/netbooki.pl\/index.php?rest_route=\/wp\/v2\/pages"}],"about":[{"href":"http:\/\/netbooki.pl\/index.php?rest_route=\/wp\/v2\/types\/page"}],"author":[{"embeddable":true,"href":"http:\/\/netbooki.pl\/index.php?rest_route=\/wp\/v2\/users\/1"}],"replies":[{"embeddable":true,"href":"http:\/\/netbooki.pl\/index.php?rest_route=%2Fwp%2Fv2%2Fcomments&post=2"}],"version-history":[{"count":3,"href":"http:\/\/netbooki.pl\/index.php?rest_route=\/wp\/v2\/pages\/2\/revisions"}],"predecessor-version":[{"id":6,"href":"http:\/\/netbooki.pl\/index.php?rest_route=\/wp\/v2\/pages\/2\/revisions\/6"}],"wp:attachment":[{"href":"http:\/\/netbooki.pl\/index.php?rest_route=%2Fwp%2Fv2%2Fmedia&parent=2"}],"curies":[{"name":"wp","href":"https:\/\/api.w.org\/{rel}","templated":true}]}}